{"id":184,"date":"2025-02-01T11:11:29","date_gmt":"2025-02-01T10:11:29","guid":{"rendered":"https:\/\/wieczorek.sklep.pl\/?page_id=184"},"modified":"2025-02-01T12:37:30","modified_gmt":"2025-02-01T11:37:30","slug":"premium-mobile","status":"publish","type":"page","link":"https:\/\/wieczorek.sklep.pl\/?page_id=184","title":{"rendered":"Premium Mobile"},"content":{"rendered":"\n<p>W Premium Mobile wiemy, jak wa\u017cny jest zadowolony klient! Dlatego przygotowali\u015bmy dla Ciebie wyj\u0105tkow\u0105 ofert\u0119 abonamentow\u0105, kt\u00f3ra \u0142\u0105czy korzystne ceny z elastycznymi warunkami. Z nami nie musisz martwi\u0107 si\u0119 d\u0142ugoterminowymi zobowi\u0105zaniami \u2013 podpisujesz umow\u0119 na czas, kt\u00f3ry Ci odpowiada, a okres wypowiedzenia to zaledwie 1 miesi\u0105c. Gwarantujemy zasi\u0119g na terenie ca\u0142ej Polski oraz niezawodny internet dzi\u0119ki wsp\u00f3\u0142pracy z sieci\u0105 Plus. Wybierz W Premium Mobile i ciesz si\u0119 komfortem, na kt\u00f3ry zas\u0142ugujesz!<\/p>\n\n\n<div class=\"wp-block-image\">\n<figure class=\"aligncenter size-large\"><img decoding=\"async\" loading=\"lazy\" width=\"1024\" height=\"589\" src=\"https:\/\/wieczorek.sklep.pl\/wp-content\/uploads\/2025\/02\/freedom-1024x589.png\" alt=\"\" class=\"wp-image-190\" srcset=\"https:\/\/wieczorek.sklep.pl\/wp-content\/uploads\/2025\/02\/freedom-1024x589.png 1024w, https:\/\/wieczorek.sklep.pl\/wp-content\/uploads\/2025\/02\/freedom-300x173.png 300w, https:\/\/wieczorek.sklep.pl\/wp-content\/uploads\/2025\/02\/freedom-768x442.png 768w, https:\/\/wieczorek.sklep.pl\/wp-content\/uploads\/2025\/02\/freedom.png 1078w\" sizes=\"(max-width: 767px) 89vw, (max-width: 1000px) 54vw, (max-width: 1071px) 543px, 580px\" \/><\/figure><\/div>\n\n<div class=\"wp-block-image\">\n<figure class=\"aligncenter size-full\"><img decoding=\"async\" loading=\"lazy\" width=\"512\" height=\"512\" src=\"https:\/\/wieczorek.sklep.pl\/wp-content\/uploads\/2025\/02\/premium-1.png\" alt=\"\" class=\"wp-image-185\" srcset=\"https:\/\/wieczorek.sklep.pl\/wp-content\/uploads\/2025\/02\/premium-1.png 512w, https:\/\/wieczorek.sklep.pl\/wp-content\/uploads\/2025\/02\/premium-1-300x300.png 300w, https:\/\/wieczorek.sklep.pl\/wp-content\/uploads\/2025\/02\/premium-1-150x150.png 150w, https:\/\/wieczorek.sklep.pl\/wp-content\/uploads\/2025\/02\/premium-1-100x100.png 100w\" sizes=\"(max-width: 512px) 100vw, 512px\" \/><\/figure><\/div>\n\n\n<ul><\/ul>\n","protected":false},"excerpt":{"rendered":"<p>W Premium Mobile wiemy, jak wa\u017cny jest zadowolony klient! Dlatego przygotowali\u015bmy dla Ciebie wyj\u0105tkow\u0105 ofert\u0119 abonamentow\u0105, kt\u00f3ra \u0142\u0105czy korzystne ceny z elastycznymi warunkami. Z nami nie musisz martwi\u0107 si\u0119 d\u0142ugoterminowymi zobowi\u0105zaniami \u2013 podpisujesz umow\u0119 na czas, kt\u00f3ry Ci odpowiada, a okres wypowiedzenia to zaledwie 1 miesi\u0105c. Gwarantujemy zasi\u0119g na terenie ca\u0142ej Polski oraz niezawodny internet &hellip; <\/p>\n<p class=\"link-more\"><a href=\"https:\/\/wieczorek.sklep.pl\/?page_id=184\" class=\"more-link\">Czytaj dalej<span class=\"screen-reader-text\"> \u201ePremium Mobile\u201d<\/span><\/a><\/p>\n","protected":false},"author":2,"featured_media":0,"parent":0,"menu_order":0,"comment_status":"closed","ping_status":"closed","template":"","meta":[],"_links":{"self":[{"href":"https:\/\/wieczorek.sklep.pl\/index.php?rest_route=\/wp\/v2\/pages\/184"}],"collection":[{"href":"https:\/\/wieczorek.sklep.pl\/index.php?rest_route=\/wp\/v2\/pages"}],"about":[{"href":"https:\/\/wieczorek.sklep.pl\/index.php?rest_route=\/wp\/v2\/types\/page"}],"author":[{"embeddable":true,"href":"https:\/\/wieczorek.sklep.pl\/index.php?rest_route=\/wp\/v2\/users\/2"}],"replies":[{"embeddable":true,"href":"https:\/\/wieczorek.sklep.pl\/index.php?rest_route=%2Fwp%2Fv2%2Fcomments&post=184"}],"version-history":[{"count":3,"href":"https:\/\/wieczorek.sklep.pl\/index.php?rest_route=\/wp\/v2\/pages\/184\/revisions"}],"predecessor-version":[{"id":191,"href":"https:\/\/wieczorek.sklep.pl\/index.php?rest_route=\/wp\/v2\/pages\/184\/revisions\/191"}],"wp:attachment":[{"href":"https:\/\/wieczorek.sklep.pl\/index.php?rest_route=%2Fwp%2Fv2%2Fmedia&parent=184"}],"curies":[{"name":"wp","href":"https:\/\/api.w.org\/{rel}","templated":true}]}}