{"id":9,"date":"2022-10-21T16:01:47","date_gmt":"2022-10-21T14:01:47","guid":{"rendered":"https:\/\/wieczorek.sklep.pl\/?page_id=9"},"modified":"2023-01-16T20:57:22","modified_gmt":"2023-01-16T19:57:22","slug":"informacje","status":"publish","type":"page","link":"https:\/\/wieczorek.sklep.pl\/?page_id=9","title":{"rendered":"Informacje"},"content":{"rendered":"\n<p>Historia sprzeda\u017cy sprz\u0119tu radiowo-telewizyjnego  na ulicy  Wojska Polskiego  jest bardzo d\u0142uga. Najstarsi mieszka\u0144cy naszego  miasta zapewne pami\u0119taj\u0105 \u017ce ju\u017c w  latach 60 ubieg\u0142ego wieku znajdowa\u0142 si\u0119 tu sklep oferuj\u0105cy sprzeda\u017c sprz\u0119tu radiowo- telewizyjnego  wraz z serwisem .<\/p>\n\n\n\n<figure class=\"is-layout-flex wp-block-gallery-1 wp-block-gallery has-nested-images columns-default is-cropped\">\n<figure class=\"wp-block-image size-large\"><img decoding=\"async\" loading=\"lazy\" width=\"933\" height=\"455\" data-id=\"79\"  src=\"https:\/\/wieczorek.sklep.pl\/wp-content\/uploads\/2023\/01\/5ff49c605b287_osize933x0q70hba9064-1.jpg\" alt=\"\" class=\"wp-image-79\" srcset=\"https:\/\/wieczorek.sklep.pl\/wp-content\/uploads\/2023\/01\/5ff49c605b287_osize933x0q70hba9064-1.jpg 933w, https:\/\/wieczorek.sklep.pl\/wp-content\/uploads\/2023\/01\/5ff49c605b287_osize933x0q70hba9064-1-300x146.jpg 300w, https:\/\/wieczorek.sklep.pl\/wp-content\/uploads\/2023\/01\/5ff49c605b287_osize933x0q70hba9064-1-768x375.jpg 768w\" sizes=\"(max-width: 767px) 89vw, (max-width: 1000px) 54vw, (max-width: 1071px) 543px, 580px\" \/><\/figure>\n<\/figure>\n\n\n\n<figure class=\"is-layout-flex wp-block-gallery-3 wp-block-gallery has-nested-images columns-default is-cropped\">\n<figure class=\"wp-block-image size-large\"><img decoding=\"async\" loading=\"lazy\" width=\"1024\" height=\"759\" data-id=\"80\"  src=\"https:\/\/wieczorek.sklep.pl\/wp-content\/uploads\/2023\/01\/ul_Wojska_Polskiego_Kedzierzyn_Kozle_5594701-1-1024x759.jpg\" alt=\"\" class=\"wp-image-80\" srcset=\"https:\/\/wieczorek.sklep.pl\/wp-content\/uploads\/2023\/01\/ul_Wojska_Polskiego_Kedzierzyn_Kozle_5594701-1-1024x759.jpg 1024w, https:\/\/wieczorek.sklep.pl\/wp-content\/uploads\/2023\/01\/ul_Wojska_Polskiego_Kedzierzyn_Kozle_5594701-1-300x222.jpg 300w, https:\/\/wieczorek.sklep.pl\/wp-content\/uploads\/2023\/01\/ul_Wojska_Polskiego_Kedzierzyn_Kozle_5594701-1-768x569.jpg 768w, https:\/\/wieczorek.sklep.pl\/wp-content\/uploads\/2023\/01\/ul_Wojska_Polskiego_Kedzierzyn_Kozle_5594701-1.jpg 1300w\" sizes=\"(max-width: 767px) 89vw, (max-width: 1000px) 54vw, (max-width: 1071px) 543px, 580px\" \/><\/figure>\n<\/figure>\n","protected":false},"excerpt":{"rendered":"<p>Historia sprzeda\u017cy sprz\u0119tu radiowo-telewizyjnego na ulicy Wojska Polskiego jest bardzo d\u0142uga. Najstarsi mieszka\u0144cy naszego miasta zapewne pami\u0119taj\u0105 \u017ce ju\u017c w latach 60 ubieg\u0142ego wieku znajdowa\u0142 si\u0119 tu sklep oferuj\u0105cy sprzeda\u017c sprz\u0119tu radiowo- telewizyjnego wraz z serwisem .<\/p>\n","protected":false},"author":1,"featured_media":0,"parent":0,"menu_order":0,"comment_status":"closed","ping_status":"closed","template":"","meta":[],"_links":{"self":[{"href":"https:\/\/wieczorek.sklep.pl\/index.php?rest_route=\/wp\/v2\/pages\/9"}],"collection":[{"href":"https:\/\/wieczorek.sklep.pl\/index.php?rest_route=\/wp\/v2\/pages"}],"about":[{"href":"https:\/\/wieczorek.sklep.pl\/index.php?rest_route=\/wp\/v2\/types\/page"}],"author":[{"embeddable":true,"href":"https:\/\/wieczorek.sklep.pl\/index.php?rest_route=\/wp\/v2\/users\/1"}],"replies":[{"embeddable":true,"href":"https:\/\/wieczorek.sklep.pl\/index.php?rest_route=%2Fwp%2Fv2%2Fcomments&post=9"}],"version-history":[{"count":5,"href":"https:\/\/wieczorek.sklep.pl\/index.php?rest_route=\/wp\/v2\/pages\/9\/revisions"}],"predecessor-version":[{"id":83,"href":"https:\/\/wieczorek.sklep.pl\/index.php?rest_route=\/wp\/v2\/pages\/9\/revisions\/83"}],"wp:attachment":[{"href":"https:\/\/wieczorek.sklep.pl\/index.php?rest_route=%2Fwp%2Fv2%2Fmedia&parent=9"}],"curies":[{"name":"wp","href":"https:\/\/api.w.org\/{rel}","templated":true}]}}